{"id":318,"date":"2021-02-13T11:03:19","date_gmt":"2021-02-13T11:03:19","guid":{"rendered":"https:\/\/talleresrodifer.com\/?page_id=318"},"modified":"2021-02-13T12:27:50","modified_gmt":"2021-02-13T12:27:50","slug":"politica-de-cookies","status":"publish","type":"page","link":"https:\/\/talleresrodifer.com\/index.php\/politica-de-cookies\/","title":{"rendered":"Pol\u00edtica de privacidad"},"content":{"rendered":"\n[et_pb_section fb_built=\u00bb1&#8243; admin_label=\u00bbsection\u00bb _builder_version=\u00bb3.22&#8243; custom_padding=\u00bb0px|||||\u00bb][et_pb_row _builder_version=\u00bb4.6.6&#8243; _module_preset=\u00bbdefault\u00bb custom_padding=\u00bb||0px|||\u00bb custom_margin=\u00bb-1px|auto||auto||\u00bb][et_pb_column _builder_version=\u00bb4.6.6&#8243; _module_preset=\u00bbdefault\u00bb type=\u00bb4_4&#8243;][et_pb_text _builder_version=\u00bb4.6.6&#8243; _module_preset=\u00bbdefault\u00bb header_2_font=\u00bbMontserrat|500||||on|||\u00bb hover_enabled=\u00bb0&#8243; sticky_enabled=\u00bb0&#8243; header_font=\u00bbMontserrat|500||||on|||\u00bb]<h1>Pol\u00edtica de cookies<\/h1>[\/et_pb_text][\/et_pb_column][\/et_pb_row][et_pb_row admin_label=\u00bbrow\u00bb _builder_version=\u00bb3.25&#8243; background_size=\u00bbinitial\u00bb background_position=\u00bbtop_left\u00bb background_repeat=\u00bbrepeat\u00bb][et_pb_column type=\u00bb4_4&#8243; _builder_version=\u00bb3.25&#8243; custom_padding=\u00bb|||\u00bb custom_padding__hover=\u00bb|||\u00bb][et_pb_text admin_label=\u00bbText\u00bb _builder_version=\u00bb3.27.4&#8243; background_size=\u00bbinitial\u00bb background_position=\u00bbtop_left\u00bb background_repeat=\u00bbrepeat\u00bb]<!-- divi:paragraph -->\n<p>En cumplimiento con lo dispuesto en el art\u00edculo 22.2 de la Ley 34\/2002, de 11 de julio, de Servicios de la Sociedad de la Informaci\u00f3n y de Comercio Electr\u00f3nico, esta p\u00e1gina web le informa, en esta secci\u00f3n, sobre la pol\u00edtica de recogida y tratamiento de cookies.<\/p>\n<!-- \/divi:paragraph -->\n\n<!-- divi:heading -->\n<h2>\u00bfQu\u00e9 son las cookies?<\/h2>\n<!-- \/divi:heading -->\n\n<!-- divi:paragraph -->\n<p>Una cookie es un fichero que se descarga en su ordenador al acceder a determinadas p\u00e1ginas web. Las cookies permiten a una p\u00e1gina web, entre otras cosas, almacenar y recuperar informaci\u00f3n sobre los h\u00e1bitos de navegaci\u00f3n de un usuario o de su equipo y, dependiendo de la informaci\u00f3n que contengan y de la forma en que utilice su equipo, pueden utilizarse para reconocer al usuario.<\/p>\n<!-- \/divi:paragraph -->\n\n<!-- divi:heading -->\n<h2>\u00bfQu\u00e9 tipos de cookies utiliza esta p\u00e1gina web?<\/h2>\n<!-- \/divi:heading -->\n\n<!-- divi:list -->\n<ul><li><strong>Cookies de an\u00e1lisis<\/strong>: Son aqu\u00e9llas que bien tratadas por nosotros o por terceros, nos permiten cuantificar el n\u00famero de usuarios y as\u00ed realizar la medici\u00f3n y an\u00e1lisis estad\u00edstico de la utilizaci\u00f3n que hacen los usuarios del servicio ofertado. Para ello se analiza su navegaci\u00f3n en nuestra p\u00e1gina web con el fin de mejorar la oferta de productos o servicios que le ofrecemos.<\/li><\/ul>\n<!-- \/divi:list -->\n\n<!-- divi:heading -->\n<h2>Cookies de Terceros<\/h2>\n<!-- \/divi:heading -->\n\n<!-- divi:paragraph -->\n<p>Esta p\u00e1gina web utiliza servicios de terceros para recopilar informaci\u00f3n con fines estad\u00edsticos y de uso de la web. Las generadas por servicios de an\u00e1lisis, concretamente, Google Analytics para ayudar al website a analizar el uso que hacen los Usuarios del sitio web y mejorar la usabilidad del mismo, pero en ning\u00fan caso se asocian a datos que pudieran llegar a identificar al usuario. Google Analytics, es un servicio anal\u00edtico de web prestado por Google, Inc., una compa\u00f1\u00eda de Delaware cuya oficina principal est\u00e1 en 1600 Amphitheatre Parkway, Mountain View (California), CA 94043, Estados Unidos (\u201cGoogle\u201d). El usuario puede consultar aqu\u00ed el tipo de cookies utilizadas por Google. Cookie de Google+ y Google Maps, seg\u00fan lo dispuesto en su p\u00e1gina sobre qu\u00e9 tipo de cookies utilizan.<\/p>\n<!-- \/divi:paragraph -->\n\n<!-- divi:heading -->\n<h2>Listado de Cookies<\/h2>\n<!-- \/divi:heading -->\n\n<!-- divi:paragraph -->\n<p>A continuaci\u00f3n, y seg\u00fan exige el art\u00edculo 22.2 de la LSSI se detallan las cookies que pueden instalarse habitualmente durante la navegaci\u00f3n por este sitio web:<\/p>\n<!-- \/divi:paragraph -->\n\n<!-- divi:table -->\n<figure class=\"wp-block-table\"><table><thead><tr><td>Nombre<\/td><td>Tipo<\/td><td>Duraci\u00f3n<\/td><td>Descripci\u00f3n<\/td><\/tr><\/thead><tbody><tr><td>_ga<\/td><td>Terceros Persistente<\/td><td>2 a\u00f1os a partir de la configuraci\u00f3n<\/td><td>Se usa para distinguir a los usuarios. Es una cookie perteneciente a Google Analytics.&nbsp;<a href=\"https:\/\/www.google.com\/intl\/es\/policies\/\" target=\"_blank\" rel=\"noreferrer noopener\">M\u00e1s Informaci\u00f3n<\/a><\/td><\/tr><tr><td>_gat<\/td><td>Terceros Persistente<\/td><td>10 minutos<\/td><td>Se usa para saber el ratio de recarga. Es una cookie perteneciente a Google analytics.&nbsp;<a href=\"https:\/\/www.google.com\/intl\/es\/policies\/\" target=\"_blank\" rel=\"noreferrer noopener\">M\u00e1s Informaci\u00f3n<\/a><\/td><\/tr><tr><td>cookielawinfo-checkbox-necessary<\/td><td>Propia<\/td><td>1 a\u00f1o<\/td><td>Guarda la preferencia del usuario sobre el uso de cookies neceasrias.<\/td><\/tr><tr><td>cookielawinfo-checkbox-non-necessary<\/td><td>Propia<\/td><td>1 a\u00f1o<\/td><td>Guarda la preferencia del usuario sobre el uso de cookies no neceasrias.<\/td><\/tr><tr><td>viewed_cookie_policy<\/td><td>Propia<\/td><td>1 semana<\/td><td>Se usa para saber si el usuario ha aceptado la pol\u00edtica de privacidad.<\/td><\/tr><\/tbody><\/table><\/figure>\n<!-- \/divi:table -->\n\n<!-- divi:heading -->\n<h2>C\u00f3mo desactivar las Cookies<\/h2>\n<!-- \/divi:heading -->\n\n<!-- divi:paragraph -->\n<p>Puede usted permitir, bloquear o eliminar las cookies instaladas en su equipo mediante la configuraci\u00f3n de las opciones del navegador instalado en su ordenador. A continuaci\u00f3n puede acceder a la configuraci\u00f3n de los navegadores webs m\u00e1s frecuentes para aceptar, instalar o desactivar las cookies:<\/p>\n<!-- \/divi:paragraph -->\n\n<!-- divi:list -->\n<ul><li><a href=\"http:\/\/support.mozilla.org\/es\/kb\/habilitar-y-deshabilitar-cookies-que-los-sitios-we\" target=\"_blank\" rel=\"noreferrer noopener\">Firefox<\/a><\/li><li><a href=\"http:\/\/support.apple.com\/kb\/HT1677?viewlocale=es_ES\" target=\"_blank\" rel=\"noreferrer noopener\">Safari<\/a><\/li><li><a href=\"https:\/\/support.google.com\/chrome\/answer\/95647?hl=es\" target=\"_blank\" rel=\"noreferrer noopener\">Google Chrome<\/a><\/li><\/ul>\n<!-- \/divi:list -->[\/et_pb_text][\/et_pb_column][\/et_pb_row][\/et_pb_section]\n","protected":false},"excerpt":{"rendered":"","protected":false},"author":1,"featured_media":0,"parent":0,"menu_order":0,"comment_status":"closed","ping_status":"closed","template":"","meta":{"_et_pb_use_builder":"on","_et_pb_old_content":"<!-- wp:paragraph -->\n<p>En cumplimiento con lo dispuesto en el art\u00edculo 22.2 de la Ley 34\/2002, de 11 de julio, de Servicios de la Sociedad de la Informaci\u00f3n y de Comercio Electr\u00f3nico, esta p\u00e1gina web le informa, en esta secci\u00f3n, sobre la pol\u00edtica de recogida y tratamiento de cookies.<\/p>\n<!-- \/wp:paragraph -->\n\n<!-- wp:heading -->\n<h2>\u00bfQu\u00e9 son las cookies?<\/h2>\n<!-- \/wp:heading -->\n\n<!-- wp:paragraph -->\n<p>Una cookie es un fichero que se descarga en su ordenador al acceder a determinadas p\u00e1ginas web. Las cookies permiten a una p\u00e1gina web, entre otras cosas, almacenar y recuperar informaci\u00f3n sobre los h\u00e1bitos de navegaci\u00f3n de un usuario o de su equipo y, dependiendo de la informaci\u00f3n que contengan y de la forma en que utilice su equipo, pueden utilizarse para reconocer al usuario.<\/p>\n<!-- \/wp:paragraph -->\n\n<!-- wp:heading -->\n<h2>\u00bfQu\u00e9 tipos de cookies utiliza esta p\u00e1gina web?<\/h2>\n<!-- \/wp:heading -->\n\n<!-- wp:list -->\n<ul><li><strong>Cookies de an\u00e1lisis<\/strong>: Son aqu\u00e9llas que bien tratadas por nosotros o por terceros, nos permiten cuantificar el n\u00famero de usuarios y as\u00ed realizar la medici\u00f3n y an\u00e1lisis estad\u00edstico de la utilizaci\u00f3n que hacen los usuarios del servicio ofertado. Para ello se analiza su navegaci\u00f3n en nuestra p\u00e1gina web con el fin de mejorar la oferta de productos o servicios que le ofrecemos.<\/li><\/ul>\n<!-- \/wp:list -->\n\n<!-- wp:heading -->\n<h2>Cookies de Terceros<\/h2>\n<!-- \/wp:heading -->\n\n<!-- wp:paragraph -->\n<p>Esta p\u00e1gina web utiliza servicios de terceros para recopilar informaci\u00f3n con fines estad\u00edsticos y de uso de la web. Las generadas por servicios de an\u00e1lisis, concretamente, Google Analytics para ayudar al website a analizar el uso que hacen los Usuarios del sitio web y mejorar la usabilidad del mismo, pero en ning\u00fan caso se asocian a datos que pudieran llegar a identificar al usuario. Google Analytics, es un servicio anal\u00edtico de web prestado por Google, Inc., una compa\u00f1\u00eda de Delaware cuya oficina principal est\u00e1 en 1600 Amphitheatre Parkway, Mountain View (California), CA 94043, Estados Unidos (\u201cGoogle\u201d). El usuario puede consultar aqu\u00ed el tipo de cookies utilizadas por Google. Cookie de Google+ y Google Maps, seg\u00fan lo dispuesto en su p\u00e1gina sobre qu\u00e9 tipo de cookies utilizan.<\/p>\n<!-- \/wp:paragraph -->\n\n<!-- wp:heading -->\n<h2>Listado de Cookies<\/h2>\n<!-- \/wp:heading -->\n\n<!-- wp:paragraph -->\n<p>A continuaci\u00f3n, y seg\u00fan exige el art\u00edculo 22.2 de la LSSI se detallan las cookies que pueden instalarse habitualmente durante la navegaci\u00f3n por este sitio web:<\/p>\n<!-- \/wp:paragraph -->\n\n<!-- wp:table -->\n<figure class=\"wp-block-table\"><table><thead><tr><td>Nombre<\/td><td>Tipo<\/td><td>Duraci\u00f3n<\/td><td>Descripci\u00f3n<\/td><\/tr><\/thead><tbody><tr><td>_ga<\/td><td>Terceros Persistente<\/td><td>2 a\u00f1os a partir de la configuraci\u00f3n<\/td><td>Se usa para distinguir a los usuarios. Es una cookie perteneciente a Google Analytics.&nbsp;<a href=\"https:\/\/www.google.com\/intl\/es\/policies\/\" target=\"_blank\" rel=\"noreferrer noopener\">M\u00e1s Informaci\u00f3n<\/a><\/td><\/tr><tr><td>_gat<\/td><td>Terceros Persistente<\/td><td>10 minutos<\/td><td>Se usa para saber el ratio de recarga. Es una cookie perteneciente a Google analytics.&nbsp;<a href=\"https:\/\/www.google.com\/intl\/es\/policies\/\" target=\"_blank\" rel=\"noreferrer noopener\">M\u00e1s Informaci\u00f3n<\/a><\/td><\/tr><tr><td>cookielawinfo-checkbox-necessary<\/td><td>Propia<\/td><td>1 a\u00f1o<\/td><td>Guarda la preferencia del usuario sobre el uso de cookies neceasrias.<\/td><\/tr><tr><td>cookielawinfo-checkbox-non-necessary<\/td><td>Propia<\/td><td>1 a\u00f1o<\/td><td>Guarda la preferencia del usuario sobre el uso de cookies no neceasrias.<\/td><\/tr><tr><td>viewed_cookie_policy<\/td><td>Propia<\/td><td>1 semana<\/td><td>Se usa para saber si el usuario ha aceptado la pol\u00edtica de privacidad.<\/td><\/tr><\/tbody><\/table><\/figure>\n<!-- \/wp:table -->\n\n<!-- wp:heading -->\n<h2>C\u00f3mo desactivar las Cookies<\/h2>\n<!-- \/wp:heading -->\n\n<!-- wp:paragraph -->\n<p>Puede usted permitir, bloquear o eliminar las cookies instaladas en su equipo mediante la configuraci\u00f3n de las opciones del navegador instalado en su ordenador. A continuaci\u00f3n puede acceder a la configuraci\u00f3n de los navegadores webs m\u00e1s frecuentes para aceptar, instalar o desactivar las cookies:<\/p>\n<!-- \/wp:paragraph -->\n\n<!-- wp:list -->\n<ul><li><a href=\"http:\/\/support.mozilla.org\/es\/kb\/habilitar-y-deshabilitar-cookies-que-los-sitios-we\" target=\"_blank\" rel=\"noreferrer noopener\">Firefox<\/a><\/li><li><a href=\"http:\/\/support.apple.com\/kb\/HT1677?viewlocale=es_ES\" target=\"_blank\" rel=\"noreferrer noopener\">Safari<\/a><\/li><li><a href=\"https:\/\/support.google.com\/chrome\/answer\/95647?hl=es\" target=\"_blank\" rel=\"noreferrer noopener\">Google Chrome<\/a><\/li><\/ul>\n<!-- \/wp:list -->","_et_gb_content_width":""},"_links":{"self":[{"href":"https:\/\/talleresrodifer.com\/index.php\/wp-json\/wp\/v2\/pages\/318"}],"collection":[{"href":"https:\/\/talleresrodifer.com\/index.php\/wp-json\/wp\/v2\/pages"}],"about":[{"href":"https:\/\/talleresrodifer.com\/index.php\/wp-json\/wp\/v2\/types\/page"}],"author":[{"embeddable":true,"href":"https:\/\/talleresrodifer.com\/index.php\/wp-json\/wp\/v2\/users\/1"}],"replies":[{"embeddable":true,"href":"https:\/\/talleresrodifer.com\/index.php\/wp-json\/wp\/v2\/comments?post=318"}],"version-history":[{"count":4,"href":"https:\/\/talleresrodifer.com\/index.php\/wp-json\/wp\/v2\/pages\/318\/revisions"}],"predecessor-version":[{"id":330,"href":"https:\/\/talleresrodifer.com\/index.php\/wp-json\/wp\/v2\/pages\/318\/revisions\/330"}],"wp:attachment":[{"href":"https:\/\/talleresrodifer.com\/index.php\/wp-json\/wp\/v2\/media?parent=318"}],"curies":[{"name":"wp","href":"https:\/\/api.w.org\/{rel}","templated":true}]}}